{"id":1008,"date":"2024-12-19T11:06:10","date_gmt":"2024-12-19T10:06:10","guid":{"rendered":"https:\/\/milevafilms.com\/contacto\/"},"modified":"2025-03-27T11:14:11","modified_gmt":"2025-03-27T10:14:11","slug":"contacto","status":"publish","type":"page","link":"https:\/\/milevafilms.com\/es\/contacto\/","title":{"rendered":"Contacto"},"content":{"rendered":"\t\t<div data-elementor-type=\"wp-page\" data-elementor-id=\"1008\" class=\"elementor elementor-1008 elementor-38\" data-elementor-post-type=\"page\">\n\t\t\t\t<div class=\"elementor-element elementor-element-8b1a2cf e-flex e-con-boxed e-con e-parent\" data-id=\"8b1a2cf\" data-element_type=\"container\" data-settings=\"{&quot;background_background&quot;:&quot;classic&quot;}\">\n\t\t\t\t\t<div class=\"e-con-inner\">\n\t\t\t\t<div class=\"elementor-element elementor-element-c6224a7 elementor-widget elementor-widget-template\" data-id=\"c6224a7\" data-element_type=\"widget\" data-widget_type=\"template.default\">\n\t\t\t\t<div class=\"elementor-widget-container\">\n\t\t\t\t\t\t\t<div class=\"elementor-template\">\n\t\t\t\t\t<div data-elementor-type=\"container\" data-elementor-id=\"953\" class=\"elementor elementor-953 elementor-747\" data-elementor-post-type=\"elementor_library\">\n\t\t\t\t<div class=\"elementor-element elementor-element-23f2ebb0 e-con-full e-flex e-con e-child\" data-id=\"23f2ebb0\" data-element_type=\"container\">\n\t\t\t\t<div class=\"elementor-element elementor-element-4abddcd2 elementor-widget elementor-widget-breadcrumbs\" data-id=\"4abddcd2\" data-element_type=\"widget\" data-widget_type=\"breadcrumbs.default\">\n\t\t\t\t<div class=\"elementor-widget-container\">\n\t\t\t\t\t<p id=\"breadcrumbs\"><span><span><a href=\"https:\/\/milevafilms.com\/es\/home\/\">Home<\/a><\/span><\/span><\/p>\t\t\t\t<\/div>\n\t\t\t\t<\/div>\n\t\t\t\t<\/div>\n\t\t\t\t<\/div>\n\t\t\t\t<\/div>\n\t\t\t\t\t\t<\/div>\n\t\t\t\t<\/div>\n\t\t<div class=\"elementor-element elementor-element-58ba7fa e-con-full e-flex e-con e-child\" data-id=\"58ba7fa\" data-element_type=\"container\">\n\t\t<div class=\"elementor-element elementor-element-d7b8b21 e-con-full e-flex e-con e-child\" data-id=\"d7b8b21\" data-element_type=\"container\">\n\t\t\t\t<div class=\"elementor-element elementor-element-76bbc4b elementor-widget elementor-widget-text-editor\" data-id=\"76bbc4b\" data-element_type=\"widget\" data-widget_type=\"text-editor.default\">\n\t\t\t\t<div class=\"elementor-widget-container\">\n\t\t\t\t\t\t\t\t\t<p>HABLAMOS?<\/p>\t\t\t\t\t\t\t\t<\/div>\n\t\t\t\t<\/div>\n\t\t\t\t<div class=\"elementor-element elementor-element-b5f3d9f elementor-widget elementor-widget-text-editor\" data-id=\"b5f3d9f\" data-element_type=\"widget\" data-widget_type=\"text-editor.default\">\n\t\t\t\t<div class=\"elementor-widget-container\">\n\t\t\t\t\t\t\t\t\tinfo@milevafilms.com\t\t\t\t\t\t\t\t<\/div>\n\t\t\t\t<\/div>\n\t\t\t\t<\/div>\n\t\t<div class=\"elementor-element elementor-element-e62d148 e-con-full e-flex e-con e-child\" data-id=\"e62d148\" data-element_type=\"container\">\n\t\t\t\t<div class=\"elementor-element elementor-element-9b7d6ba elementor-widget-divider--view-line elementor-widget elementor-widget-divider\" data-id=\"9b7d6ba\" data-element_type=\"widget\" data-widget_type=\"divider.default\">\n\t\t\t\t<div class=\"elementor-widget-container\">\n\t\t\t\t\t\t\t<div class=\"elementor-divider\">\n\t\t\t<span class=\"elementor-divider-separator\">\n\t\t\t\t\t\t<\/span>\n\t\t<\/div>\n\t\t\t\t\t\t<\/div>\n\t\t\t\t<\/div>\n\t\t\t\t<div class=\"elementor-element elementor-element-9dee5e4 elementor-widget__width-initial elementor-widget elementor-widget-text-editor\" data-id=\"9dee5e4\" data-element_type=\"widget\" data-widget_type=\"text-editor.default\">\n\t\t\t\t<div class=\"elementor-widget-container\">\n\t\t\t\t\t\t\t\t\t<p><strong>\u00a1Estamos aqu\u00ed para contar tu historia!<\/strong><\/p><p>En Mileva Films, creemos que cada proyecto tiene algo extraordinario que merece ser compartido.<\/p><p>Si est\u00e1s buscando darle vida a una idea a trav\u00e9s de un documental o un proyecto audiovisual, \u00a1est\u00e1s en el lugar indicado!<\/p><p><strong>Cu\u00e9ntanos sobre tu proyecto, tus ideas o cualquier duda que tengas. Desde Mileva te ayudaremos a darle salida. <\/strong><\/p>\t\t\t\t\t\t\t\t<\/div>\n\t\t\t\t<\/div>\n\t\t\t\t<\/div>\n\t\t\t\t<\/div>\n\t\t\t\t\t<\/div>\n\t\t\t\t<\/div>\n\t\t<div data-dce-background-image-url=\"https:\/\/milevafilms.com\/wp-content\/uploads\/2025\/01\/aral_DSC09685.jpg\" class=\"elementor-element elementor-element-be67828 e-flex e-con-boxed e-con e-parent\" data-id=\"be67828\" data-element_type=\"container\" data-settings=\"{&quot;background_background&quot;:&quot;classic&quot;}\">\n\t\t\t\t\t<div class=\"e-con-inner\">\n\t\t<div class=\"elementor-element elementor-element-41cee2b e-con-full e-flex e-con e-child\" data-id=\"41cee2b\" data-element_type=\"container\">\n\t\t<div class=\"elementor-element elementor-element-04184fe e-con-full e-flex e-con e-child\" data-id=\"04184fe\" data-element_type=\"container\">\n\t\t\t\t<div class=\"elementor-element elementor-element-91d3ce9 elementor-button-align-end elementor-widget__width-initial elementor-widget-mobile__width-inherit elementor-widget elementor-widget-form\" data-id=\"91d3ce9\" data-element_type=\"widget\" data-settings=\"{&quot;step_next_label&quot;:&quot;Next&quot;,&quot;step_previous_label&quot;:&quot;Previous&quot;,&quot;dce_confirm_dialog_enabled&quot;:&quot;no&quot;,&quot;step_type&quot;:&quot;number_text&quot;,&quot;step_icon_shape&quot;:&quot;circle&quot;,&quot;label_icon_size&quot;:{&quot;unit&quot;:&quot;px&quot;,&quot;size&quot;:&quot;&quot;,&quot;sizes&quot;:[]},&quot;field_icon_size&quot;:{&quot;unit&quot;:&quot;px&quot;,&quot;size&quot;:&quot;&quot;,&quot;sizes&quot;:[]}}\" data-widget_type=\"form.default\">\n\t\t\t\t<div class=\"elementor-widget-container\">\n\t\t\t\t\t\t\t<form class=\"elementor-form\" method=\"post\" name=\"New Form\">\n\t\t\t<input type=\"hidden\" name=\"post_id\" value=\"1008\"\/>\n\t\t\t<input type=\"hidden\" name=\"form_id\" value=\"91d3ce9\"\/>\n\t\t\t<input type=\"hidden\" name=\"referer_title\" value=\"Contacto - Mileva Films\" \/>\n\n\t\t\t\t\t\t\t<input type=\"hidden\" name=\"queried_id\" value=\"1008\"\/>\n\t\t\t\n\t\t\t<div class=\"elementor-form-fields-wrapper elementor-labels-above\">\n\t\t\t\t\t\t\t\t<div class=\"elementor-field-type-text elementor-field-group elementor-column elementor-field-group-name elementor-col-100\">\n\t\t\t\t\t\t\t\t\t\t\t\t<label for=\"form-field-name\" class=\"elementor-field-label\">\n\t\t\t\t\t\t\t\tNombre\t\t\t\t\t\t\t<\/label>\n\t\t\t\t\t\t\t\t\t\t\t\t\t\t<input size=\"1\" type=\"text\" name=\"form_fields[name]\" id=\"form-field-name\" class=\"elementor-field elementor-size-sm  elementor-field-textual\" placeholder=\"Nombre\">\n\t\t\t\t\t\t\t\t\t\t\t<\/div>\n\t\t\t\t\t\t\t\t<div class=\"elementor-field-type-text elementor-field-group elementor-column elementor-field-group-field_c1ed8a0 elementor-col-100\">\n\t\t\t\t\t\t\t\t\t\t\t\t<label for=\"form-field-field_c1ed8a0\" class=\"elementor-field-label\">\n\t\t\t\t\t\t\t\tApellido\t\t\t\t\t\t\t<\/label>\n\t\t\t\t\t\t\t\t\t\t\t\t\t\t<input size=\"1\" type=\"text\" name=\"form_fields[field_c1ed8a0]\" id=\"form-field-field_c1ed8a0\" class=\"elementor-field elementor-size-sm  elementor-field-textual\" placeholder=\"Apellido\">\n\t\t\t\t\t\t\t\t\t\t\t<\/div>\n\t\t\t\t\t\t\t\t<div class=\"elementor-field-type-text elementor-field-group elementor-column elementor-field-group-field_0501f41 elementor-col-100\">\n\t\t\t\t\t\t\t\t\t\t\t\t<label for=\"form-field-field_0501f41\" class=\"elementor-field-label\">\n\t\t\t\t\t\t\t\tTel\u00e9fono\t\t\t\t\t\t\t<\/label>\n\t\t\t\t\t\t\t\t\t\t\t\t\t\t<input size=\"1\" type=\"text\" name=\"form_fields[field_0501f41]\" id=\"form-field-field_0501f41\" class=\"elementor-field elementor-size-sm  elementor-field-textual\" placeholder=\"Tel\u00e9fono\">\n\t\t\t\t\t\t\t\t\t\t\t<\/div>\n\t\t\t\t\t\t\t\t<div class=\"elementor-field-type-textarea elementor-field-group elementor-column elementor-field-group-message elementor-col-100\">\n\t\t\t\t\t\t\t\t\t\t\t\t<label for=\"form-field-message\" class=\"elementor-field-label\">\n\t\t\t\t\t\t\t\tConsulta\t\t\t\t\t\t\t<\/label>\n\t\t\t\t\t\t<textarea class=\"elementor-field-textual elementor-field  elementor-size-sm\" name=\"form_fields[message]\" id=\"form-field-message\" rows=\"4\" placeholder=\"Consulta\"><\/textarea>\t\t\t\t<\/div>\n\t\t\t\t\t\t\t\t<div class=\"elementor-field-type-email elementor-field-group elementor-column elementor-field-group-email elementor-col-100 elementor-field-required\">\n\t\t\t\t\t\t\t\t\t\t\t\t<label for=\"form-field-email\" class=\"elementor-field-label\">\n\t\t\t\t\t\t\t\tEmail\t\t\t\t\t\t\t<\/label>\n\t\t\t\t\t\t\t\t\t\t\t\t\t\t<input size=\"1\" type=\"email\" name=\"form_fields[email]\" id=\"form-field-email\" class=\"elementor-field elementor-size-sm  elementor-field-textual\" placeholder=\"Email\" required=\"required\">\n\t\t\t\t\t\t\t\t\t\t\t<\/div>\n\t\t\t\t\t\t\t\t<div class=\"elementor-field-type-acceptance elementor-field-group elementor-column elementor-field-group-field_571d16f elementor-col-100\">\n\t\t\t\t\t\t\t<div class=\"elementor-field-subgroup\">\n\t\t\t<span class=\"elementor-field-option\">\n\t\t\t\t<input type=\"checkbox\" name=\"form_fields[field_571d16f]\" id=\"form-field-field_571d16f\" class=\"elementor-field elementor-size-sm  elementor-acceptance-field\">\n\t\t\t\t<label for=\"form-field-field_571d16f\">Acepto <a href=\"https:\/\/milevafilms.com\/es\/aviso-legal\/\">t\u00e9rminos y condiciones<\/a>. Utilizaremos esta informaci\u00f3n para responder a tu consulta.  <\/label>\t\t\t<\/span>\n\t\t<\/div>\n\t\t\t\t\t\t<\/div>\n\t\t\t\t\t\t\t\t<div class=\"elementor-field-group elementor-column elementor-field-type-submit elementor-col-100 e-form__buttons\">\n\t\t\t\t\t<button class=\"elementor-button elementor-size-sm\" type=\"submit\">\n\t\t\t\t\t\t<span class=\"elementor-button-content-wrapper\">\n\t\t\t\t\t\t\t\t\t\t\t\t\t\t\t<span class=\"elementor-button-icon\">\n\t\t\t\t\t\t\t\t\t<svg aria-hidden=\"true\" class=\"e-font-icon-svg e-fas-caret-right\" viewBox=\"0 0 192 512\" xmlns=\"http:\/\/www.w3.org\/2000\/svg\"><path d=\"M0 384.662V127.338c0-17.818 21.543-26.741 34.142-14.142l128.662 128.662c7.81 7.81 7.81 20.474 0 28.284L34.142 398.804C21.543 411.404 0 402.48 0 384.662z\"><\/path><\/svg>\t\t\t\t\t\t\t\t\t\t\t\t\t\t\t\t\t<\/span>\n\t\t\t\t\t\t\t\t\t\t\t\t\t\t\t\t\t\t\t\t\t\t<span class=\"elementor-button-text\">Enviar<\/span>\n\t\t\t\t\t\t\t\t\t\t\t\t\t<\/span>\n\t\t\t\t\t<\/button>\n\t\t\t\t<\/div>\n\t\t\t<\/div>\n\t\t<\/form>\n\t\t\t\t\t\t<\/div>\n\t\t\t\t<\/div>\n\t\t\t\t<div class=\"elementor-element elementor-element-f4e568a elementor-widget__width-initial elementor-widget elementor-widget-text-editor\" data-id=\"f4e568a\" data-element_type=\"widget\" data-widget_type=\"text-editor.default\">\n\t\t\t\t<div class=\"elementor-widget-container\">\n\t\t\t\t\t\t\t\t\t<p>INFORMACI\u00d3N B\u00c1SICA DE PROTECCI\u00d3N DE DATOS:<\/p><p>Responsable del tratamiento:<\/p><p>Mileva Films<\/p><p>Finalidad del tratamiento: Gestionar las consultas planteadas y, si nos autoriza, el env\u00edo de newsletters, comunicaciones comerciales y promociones.<\/p><p>Legitimaci\u00f3n del tratamiento: Inter\u00e9s leg\u00edtimo y consentimiento del interesado\/a.<\/p><p>Conservaci\u00f3n de los datos: Se conservar\u00e1n mientras exista un inter\u00e9s mutuo o durante el tiempo necesario para el cumplimiento de las obligaciones legales.<\/p><p>Destinatarios: Prestadores de servicio o colaboradores.<\/p><p>Derechos: Derecho a retirar su consentimiento en cualquier momento. Derecho de acceso, rectificaci\u00f3n, portabilidad y supresi\u00f3n de sus datos ya la limitaci\u00f3n u oposici\u00f3n al tratamiento. Datos de contacto para ejercer sus derechos: info@milevafilms.com  <\/p><p>Informaci\u00f3n adicional: Puede consultar la informaci\u00f3n adicional en nuestra <a href=\"https:\/\/milevafilms.com\/es\/politica-de-privacidad\/\">Pol\u00edtica de Privacidad<\/a> .<\/p>\t\t\t\t\t\t\t\t<\/div>\n\t\t\t\t<\/div>\n\t\t\t\t<\/div>\n\t\t\t\t<\/div>\n\t\t\t\t\t<\/div>\n\t\t\t\t<\/div>\n\t\t\t\t<\/div>\n\t\t","protected":false},"excerpt":{"rendered":"<p>HABLAMOS? info@milevafilms.com \u00a1Estamos aqu\u00ed para contar tu historia! En Mileva Films, creemos que cada proyecto tiene algo extraordinario que merece ser compartido. Si est\u00e1s buscando darle vida a una idea a trav\u00e9s de un documental o un proyecto audiovisual, \u00a1est\u00e1s en el lugar indicado! Cu\u00e9ntanos sobre tu proyecto, tus ideas o cualquier duda que tengas. [&hellip;]<\/p>\n","protected":false},"author":1,"featured_media":0,"parent":0,"menu_order":6,"comment_status":"closed","ping_status":"closed","template":"","meta":{"_acf_changed":false,"footnotes":""},"class_list":["post-1008","page","type-page","status-publish","hentry"],"acf":[],"yoast_head":"<!-- This site is optimized with the Yoast SEO plugin v24.9 - https:\/\/yoast.com\/wordpress\/plugins\/seo\/ -->\n<title>Contacto - Mileva Films<\/title>\n<meta name=\"robots\" content=\"index, follow, max-snippet:-1, max-image-preview:large, max-video-preview:-1\" \/>\n<link rel=\"canonical\" href=\"https:\/\/milevafilms.com\/es\/contacto\/\" \/>\n<meta property=\"og:locale\" content=\"es_ES\" \/>\n<meta property=\"og:type\" content=\"article\" \/>\n<meta property=\"og:title\" content=\"Contacto - Mileva Films\" \/>\n<meta property=\"og:description\" content=\"HABLAMOS? info@milevafilms.com \u00a1Estamos aqu\u00ed para contar tu historia! En Mileva Films, creemos que cada proyecto tiene algo extraordinario que merece ser compartido. Si est\u00e1s buscando darle vida a una idea a trav\u00e9s de un documental o un proyecto audiovisual, \u00a1est\u00e1s en el lugar indicado! Cu\u00e9ntanos sobre tu proyecto, tus ideas o cualquier duda que tengas. [&hellip;]\" \/>\n<meta property=\"og:url\" content=\"https:\/\/milevafilms.com\/es\/contacto\/\" \/>\n<meta property=\"og:site_name\" content=\"Mileva Films\" \/>\n<meta property=\"article:modified_time\" content=\"2025-03-27T10:14:11+00:00\" \/>\n<meta name=\"twitter:card\" content=\"summary_large_image\" \/>\n<meta name=\"twitter:label1\" content=\"Tiempo de lectura\" \/>\n\t<meta name=\"twitter:data1\" content=\"1 minuto\" \/>\n<script type=\"application\/ld+json\" class=\"yoast-schema-graph\">{\"@context\":\"https:\/\/schema.org\",\"@graph\":[{\"@type\":\"WebPage\",\"@id\":\"https:\/\/milevafilms.com\/es\/contacto\/\",\"url\":\"https:\/\/milevafilms.com\/es\/contacto\/\",\"name\":\"Contacto - Mileva Films\",\"isPartOf\":{\"@id\":\"https:\/\/milevafilms.com\/es\/#website\"},\"datePublished\":\"2024-12-19T10:06:10+00:00\",\"dateModified\":\"2025-03-27T10:14:11+00:00\",\"breadcrumb\":{\"@id\":\"https:\/\/milevafilms.com\/es\/contacto\/#breadcrumb\"},\"inLanguage\":\"es\",\"potentialAction\":[{\"@type\":\"ReadAction\",\"target\":[\"https:\/\/milevafilms.com\/es\/contacto\/\"]}]},{\"@type\":\"BreadcrumbList\",\"@id\":\"https:\/\/milevafilms.com\/es\/contacto\/#breadcrumb\",\"itemListElement\":[{\"@type\":\"ListItem\",\"position\":1,\"name\":\"Home\",\"item\":\"https:\/\/milevafilms.com\/es\/home\/\"},{\"@type\":\"ListItem\",\"position\":2,\"name\":\"Contacto\"}]},{\"@type\":\"WebSite\",\"@id\":\"https:\/\/milevafilms.com\/es\/#website\",\"url\":\"https:\/\/milevafilms.com\/es\/\",\"name\":\"Mileva Films\",\"description\":\" \",\"publisher\":{\"@id\":\"https:\/\/milevafilms.com\/es\/#organization\"},\"potentialAction\":[{\"@type\":\"SearchAction\",\"target\":{\"@type\":\"EntryPoint\",\"urlTemplate\":\"https:\/\/milevafilms.com\/es\/?s={search_term_string}\"},\"query-input\":{\"@type\":\"PropertyValueSpecification\",\"valueRequired\":true,\"valueName\":\"search_term_string\"}}],\"inLanguage\":\"es\"},{\"@type\":\"Organization\",\"@id\":\"https:\/\/milevafilms.com\/es\/#organization\",\"name\":\"Mileva Films\",\"url\":\"https:\/\/milevafilms.com\/es\/\",\"logo\":{\"@type\":\"ImageObject\",\"inLanguage\":\"es\",\"@id\":\"https:\/\/milevafilms.com\/es\/#\/schema\/logo\/image\/\",\"url\":\"https:\/\/milevafilms.com\/wp-content\/uploads\/2024\/12\/logo.png\",\"contentUrl\":\"https:\/\/milevafilms.com\/wp-content\/uploads\/2024\/12\/logo.png\",\"width\":640,\"height\":170,\"caption\":\"Mileva Films\"},\"image\":{\"@id\":\"https:\/\/milevafilms.com\/es\/#\/schema\/logo\/image\/\"}}]}<\/script>\n<!-- \/ Yoast SEO plugin. -->","yoast_head_json":{"title":"Contacto - Mileva Films","robots":{"index":"index","follow":"follow","max-snippet":"max-snippet:-1","max-image-preview":"max-image-preview:large","max-video-preview":"max-video-preview:-1"},"canonical":"https:\/\/milevafilms.com\/es\/contacto\/","og_locale":"es_ES","og_type":"article","og_title":"Contacto - Mileva Films","og_description":"HABLAMOS? info@milevafilms.com \u00a1Estamos aqu\u00ed para contar tu historia! En Mileva Films, creemos que cada proyecto tiene algo extraordinario que merece ser compartido. Si est\u00e1s buscando darle vida a una idea a trav\u00e9s de un documental o un proyecto audiovisual, \u00a1est\u00e1s en el lugar indicado! Cu\u00e9ntanos sobre tu proyecto, tus ideas o cualquier duda que tengas. [&hellip;]","og_url":"https:\/\/milevafilms.com\/es\/contacto\/","og_site_name":"Mileva Films","article_modified_time":"2025-03-27T10:14:11+00:00","twitter_card":"summary_large_image","twitter_misc":{"Tiempo de lectura":"1 minuto"},"schema":{"@context":"https:\/\/schema.org","@graph":[{"@type":"WebPage","@id":"https:\/\/milevafilms.com\/es\/contacto\/","url":"https:\/\/milevafilms.com\/es\/contacto\/","name":"Contacto - Mileva Films","isPartOf":{"@id":"https:\/\/milevafilms.com\/es\/#website"},"datePublished":"2024-12-19T10:06:10+00:00","dateModified":"2025-03-27T10:14:11+00:00","breadcrumb":{"@id":"https:\/\/milevafilms.com\/es\/contacto\/#breadcrumb"},"inLanguage":"es","potentialAction":[{"@type":"ReadAction","target":["https:\/\/milevafilms.com\/es\/contacto\/"]}]},{"@type":"BreadcrumbList","@id":"https:\/\/milevafilms.com\/es\/contacto\/#breadcrumb","itemListElement":[{"@type":"ListItem","position":1,"name":"Home","item":"https:\/\/milevafilms.com\/es\/home\/"},{"@type":"ListItem","position":2,"name":"Contacto"}]},{"@type":"WebSite","@id":"https:\/\/milevafilms.com\/es\/#website","url":"https:\/\/milevafilms.com\/es\/","name":"Mileva Films","description":" ","publisher":{"@id":"https:\/\/milevafilms.com\/es\/#organization"},"potentialAction":[{"@type":"SearchAction","target":{"@type":"EntryPoint","urlTemplate":"https:\/\/milevafilms.com\/es\/?s={search_term_string}"},"query-input":{"@type":"PropertyValueSpecification","valueRequired":true,"valueName":"search_term_string"}}],"inLanguage":"es"},{"@type":"Organization","@id":"https:\/\/milevafilms.com\/es\/#organization","name":"Mileva Films","url":"https:\/\/milevafilms.com\/es\/","logo":{"@type":"ImageObject","inLanguage":"es","@id":"https:\/\/milevafilms.com\/es\/#\/schema\/logo\/image\/","url":"https:\/\/milevafilms.com\/wp-content\/uploads\/2024\/12\/logo.png","contentUrl":"https:\/\/milevafilms.com\/wp-content\/uploads\/2024\/12\/logo.png","width":640,"height":170,"caption":"Mileva Films"},"image":{"@id":"https:\/\/milevafilms.com\/es\/#\/schema\/logo\/image\/"}}]}},"_links":{"self":[{"href":"https:\/\/milevafilms.com\/es\/wp-json\/wp\/v2\/pages\/1008","targetHints":{"allow":["GET"]}}],"collection":[{"href":"https:\/\/milevafilms.com\/es\/wp-json\/wp\/v2\/pages"}],"about":[{"href":"https:\/\/milevafilms.com\/es\/wp-json\/wp\/v2\/types\/page"}],"author":[{"embeddable":true,"href":"https:\/\/milevafilms.com\/es\/wp-json\/wp\/v2\/users\/1"}],"replies":[{"embeddable":true,"href":"https:\/\/milevafilms.com\/es\/wp-json\/wp\/v2\/comments?post=1008"}],"version-history":[{"count":2,"href":"https:\/\/milevafilms.com\/es\/wp-json\/wp\/v2\/pages\/1008\/revisions"}],"predecessor-version":[{"id":1142,"href":"https:\/\/milevafilms.com\/es\/wp-json\/wp\/v2\/pages\/1008\/revisions\/1142"}],"wp:attachment":[{"href":"https:\/\/milevafilms.com\/es\/wp-json\/wp\/v2\/media?parent=1008"}],"curies":[{"name":"wp","href":"https:\/\/api.w.org\/{rel}","templated":true}]}}