{"id":1014,"date":"2024-12-19T11:09:09","date_gmt":"2024-12-19T11:09:09","guid":{"rendered":"https:\/\/milevafilms.com\/declaracion-de-accesibilidad\/"},"modified":"2025-03-13T17:38:38","modified_gmt":"2025-03-13T17:38:38","slug":"declaracion-de-accesibilidad","status":"publish","type":"page","link":"https:\/\/milevafilms.com\/es\/declaracion-de-accesibilidad\/","title":{"rendered":"Declaraci\u00f3n de accesibilidad"},"content":{"rendered":"\t\t<div data-elementor-type=\"wp-page\" data-elementor-id=\"1014\" class=\"elementor elementor-1014 elementor-42\" data-elementor-post-type=\"page\">\n\t\t\t\t<div class=\"elementor-element elementor-element-53a605e e-flex e-con-boxed e-con e-parent\" data-id=\"53a605e\" data-element_type=\"container\" data-settings=\"{&quot;background_background&quot;:&quot;classic&quot;}\">\n\t\t\t\t\t<div class=\"e-con-inner\">\n\t\t<div class=\"elementor-element elementor-element-df927ef e-con-full e-flex e-con e-child\" data-id=\"df927ef\" data-element_type=\"container\">\n\t\t<div class=\"elementor-element elementor-element-09afa1f e-con-full e-flex e-con e-child\" data-id=\"09afa1f\" data-element_type=\"container\">\n\t\t\t\t<div class=\"elementor-element elementor-element-7345ab9 elementor-widget elementor-widget-text-editor\" data-id=\"7345ab9\" data-element_type=\"widget\" data-widget_type=\"text-editor.default\">\n\t\t\t\t<div class=\"elementor-widget-container\">\n\t\t\t\t\t\t\t\t\t<p><strong>Declaraci\u00f3n de Accesibilidad<\/strong><\/p>\n\t\t\t\t\t\t\t\t<\/div>\n\t\t\t\t<\/div>\n\t\t\t\t<div class=\"elementor-element elementor-element-599b4f9 elementor-widget-divider--view-line elementor-widget elementor-widget-divider\" data-id=\"599b4f9\" data-element_type=\"widget\" data-widget_type=\"divider.default\">\n\t\t\t\t<div class=\"elementor-widget-container\">\n\t\t\t\t\t\t\t<div class=\"elementor-divider\">\n\t\t\t<span class=\"elementor-divider-separator\">\n\t\t\t\t\t\t<\/span>\n\t\t<\/div>\n\t\t\t\t\t\t<\/div>\n\t\t\t\t<\/div>\n\t\t\t\t<div class=\"elementor-element elementor-element-28ab14f elementor-widget elementor-widget-text-editor\" data-id=\"28ab14f\" data-element_type=\"widget\" data-widget_type=\"text-editor.default\">\n\t\t\t\t<div class=\"elementor-widget-container\">\n\t\t\t\t\t\t\t\t\t<p>Milevafilms se ha comprometido a hacer accesible su sitio web de conformidad con el Real Decreto 1112\/2018, de 7 de septiembre, sobre accesibilidad de los sitios web y aplicaciones para dispositivos m\u00f3viles del sector p\u00fablico (en adelante, RD 1112\/2018, de 7 de septiembre).<\/p>\n<p>La presente declaraci\u00f3n de accesibilidad se aplica al sitio web https:\/\/www.milevafilms.com\/, excluyendo los contenidos incrustados provenientes de otros dominios.<\/p>\n<p>Situaci\u00f3n de cumplimiento<br \/> Este sitio web es parcialmente conforme al RD 1112\/2018, de 7 de septiembre, debido a las excepciones ya la falta de conformidad de los aspectos que se indican a continuaci\u00f3n.<\/p>\n<p>Contenido no accesible<br \/> El contenido que se recoge a continuaci\u00f3n no es accesible por lo siguiente:<\/p>\n<p>1.- Falta de conformidad con RD 1112\/2018:<\/p>\n<p>Debido a que se utiliza un gestor de contenidos y existen distintos usuarios actualizando y creando contenidos nuevos, podr\u00edan existir fallos puntuales de edici\u00f3n en alguna p\u00e1gina web, tanto en contenidos HTML como en documentos finales. No obstante, existe el compromiso de revisi\u00f3n peri\u00f3dica y de solucionar los problemas notificados por los usuarios.<br \/> Puede haber contenido externo, como los componentes de Facebook, Twitter, YouTube o Google Maps, que no cumplen completamente con los criterios de accesibilidad.<br \/> Puede haber alguna p\u00e1gina donde parte del contenido puede presentarse con p\u00e9rdida de informaci\u00f3n o funcionalidad, necesitando hacer scroll en dos dimensiones[criterio de \u00e9xito 1.4.10] .[criteri d\u2019\u00e8xit 1.4.10] .<\/p>\n<p>2.- Carga desproporcionada: No aplica<\/p>\n<p>3.- El contenido no entra dentro del \u00e1mbito de la legislaci\u00f3n aplicable: podr\u00edan existir archivos ofim\u00e1ticos en PDF u otros formatos publicados antes del 20 de septiembre de 2018 que no cumplan en su totalidad todos los requisitos de accesibilidad.<\/p>\n<p>Preparaci\u00f3n de la presente declaraci\u00f3n de accesibilidad<br \/> La presente declaraci\u00f3n fue preparada el 20 de noviembre de 2024<\/p>\n<p>El m\u00e9todo empleado para preparar la declaraci\u00f3n ha sido una autoevaluaci\u00f3n llevada a cabo por el responsable de accesibilidad.<\/p>\n<p>\u00daltima revisi\u00f3n de la declaraci\u00f3n: 20 de noviembre de 2024.<\/p>\n<p>Observaciones y datos de contacto<br \/> Puede realizar comunicaciones sobre requisitos de accesibilidad (art\u00edculo 10.2.a) del Real Decreto 1112\/2018, de 7 de septiembre) como, por ejemplo:<\/p>\n<p>Informar sobre cualquier posible incumplimiento por parte de este sitio web.<br \/> Transmitir otras dificultades de acceso al contenido.<br \/> Formular cualquier otra consulta o sugerencia de mejora relativa a la accesibilidad del sitio web.<br \/> Utilizando las siguientes v\u00edas:<\/p>\n<p>Formulario de contacto de la p\u00e1gina web<br \/> Correo electr\u00f3nico: info@milevafilms.com<\/p>\n<p>Procedimiento de aplicaci\u00f3n<br \/> A trav\u00e9s de este procedimiento podr\u00e1 iniciar una reclamaci\u00f3n para conocer y oponerse a los motivos de la desestimaci\u00f3n de una solicitud de informaci\u00f3n accesible o queja, instar la adopci\u00f3n de las medidas oportunas en caso de no estar de acuerdo con la decisi\u00f3n adoptada, o exponer las razones por las que se considera que la respuesta no cumple con los requisitos exigidos.<\/p>\n<p>Formulario de contacto<\/p>\n<p>Contenido opcional<br \/> La versi\u00f3 actualmente visible de este sitio web es de noviembre 2024.<\/p>\n<p>A partir de dicha fecha se llevan a cabo revisiones parciales de los contenidos, tanto de las plantillas como de las p\u00e1ginas y documentos finales publicados, al objeto de asegurar el cumplimiento de los requerimientos de accesibilidad que actualmente son los de A y AA de la norma WCAG 2.1, considerando las excepciones del Real Decreto 1112\/2018, de 7 de septiembre.<\/p>\n<p>Tama\u00f1o del texto<br \/> A fin de prestar un mejor servicio, milevafilms almacena en el ordenador del Usuario peque\u00f1os archivos de informaci\u00f3n denominados cookies. Para m\u00e1s informaci\u00f3n sobre las cookies y su configuraci\u00f3n acceda a nuestra Pol\u00edtica de Cookies.<\/p>\n<p>Google Chrome \/ Edge: Abrir men\u00fa&gt; Zoom<\/p>\n<p>Mozilla Firefox: Abra men\u00fa&gt; Tama\u00f1o<\/p>\n<p>Internet Explorer: Ver&gt; Tama\u00f1o de texto&gt; Grande o Muy Grande<\/p>\n<p>Opera: View&gt; Zoom&gt; %<\/p>\n<p>Safari: View&gt; Make texto bigger<\/p>\n\t\t\t\t\t\t\t\t<\/div>\n\t\t\t\t<\/div>\n\t\t\t\t<\/div>\n\t\t\t\t<\/div>\n\t\t\t\t\t<\/div>\n\t\t\t\t<\/div>\n\t\t\t\t<\/div>\n\t\t","protected":false},"excerpt":{"rendered":"<p>Declaraci\u00f3n de Accesibilidad Milevafilms se ha comprometido a hacer accesible su sitio web de conformidad con el Real Decreto 1112\/2018, de 7 de septiembre, sobre accesibilidad de los sitios web y aplicaciones para dispositivos m\u00f3viles del sector p\u00fablico (en adelante, RD 1112\/2018, de 7 de septiembre). La presente declaraci\u00f3n de accesibilidad se aplica al sitio [&hellip;]<\/p>\n","protected":false},"author":1,"featured_media":0,"parent":0,"menu_order":100,"comment_status":"closed","ping_status":"closed","template":"","meta":{"_acf_changed":false,"footnotes":""},"class_list":["post-1014","page","type-page","status-publish","hentry"],"acf":[],"yoast_head":"<!-- This site is optimized with the Yoast SEO plugin v24.9 - https:\/\/yoast.com\/wordpress\/plugins\/seo\/ -->\n<title>Declaraci\u00f3n de accesibilidad - Mileva Films<\/title>\n<meta name=\"robots\" content=\"index, follow, max-snippet:-1, max-image-preview:large, max-video-preview:-1\" \/>\n<link rel=\"canonical\" href=\"https:\/\/milevafilms.com\/es\/declaracion-de-accesibilidad\/\" \/>\n<meta property=\"og:locale\" content=\"es_ES\" \/>\n<meta property=\"og:type\" content=\"article\" \/>\n<meta property=\"og:title\" content=\"Declaraci\u00f3n de accesibilidad - Mileva Films\" \/>\n<meta property=\"og:description\" content=\"Declaraci\u00f3n de Accesibilidad Milevafilms se ha comprometido a hacer accesible su sitio web de conformidad con el Real Decreto 1112\/2018, de 7 de septiembre, sobre accesibilidad de los sitios web y aplicaciones para dispositivos m\u00f3viles del sector p\u00fablico (en adelante, RD 1112\/2018, de 7 de septiembre). La presente declaraci\u00f3n de accesibilidad se aplica al sitio [&hellip;]\" \/>\n<meta property=\"og:url\" content=\"https:\/\/milevafilms.com\/es\/declaracion-de-accesibilidad\/\" \/>\n<meta property=\"og:site_name\" content=\"Mileva Films\" \/>\n<meta property=\"article:modified_time\" content=\"2025-03-13T17:38:38+00:00\" \/>\n<meta name=\"twitter:card\" content=\"summary_large_image\" \/>\n<meta name=\"twitter:label1\" content=\"Tiempo de lectura\" \/>\n\t<meta name=\"twitter:data1\" content=\"3 minutos\" \/>\n<script type=\"application\/ld+json\" class=\"yoast-schema-graph\">{\"@context\":\"https:\/\/schema.org\",\"@graph\":[{\"@type\":\"WebPage\",\"@id\":\"https:\/\/milevafilms.com\/es\/declaracion-de-accesibilidad\/\",\"url\":\"https:\/\/milevafilms.com\/es\/declaracion-de-accesibilidad\/\",\"name\":\"Declaraci\u00f3n de accesibilidad - Mileva Films\",\"isPartOf\":{\"@id\":\"https:\/\/milevafilms.com\/es\/#website\"},\"datePublished\":\"2024-12-19T11:09:09+00:00\",\"dateModified\":\"2025-03-13T17:38:38+00:00\",\"breadcrumb\":{\"@id\":\"https:\/\/milevafilms.com\/es\/declaracion-de-accesibilidad\/#breadcrumb\"},\"inLanguage\":\"es\",\"potentialAction\":[{\"@type\":\"ReadAction\",\"target\":[\"https:\/\/milevafilms.com\/es\/declaracion-de-accesibilidad\/\"]}]},{\"@type\":\"BreadcrumbList\",\"@id\":\"https:\/\/milevafilms.com\/es\/declaracion-de-accesibilidad\/#breadcrumb\",\"itemListElement\":[{\"@type\":\"ListItem\",\"position\":1,\"name\":\"Home\",\"item\":\"https:\/\/milevafilms.com\/es\/home\/\"},{\"@type\":\"ListItem\",\"position\":2,\"name\":\"Declaraci\u00f3n de accesibilidad\"}]},{\"@type\":\"WebSite\",\"@id\":\"https:\/\/milevafilms.com\/es\/#website\",\"url\":\"https:\/\/milevafilms.com\/es\/\",\"name\":\"Mileva Films\",\"description\":\" \",\"publisher\":{\"@id\":\"https:\/\/milevafilms.com\/es\/#organization\"},\"potentialAction\":[{\"@type\":\"SearchAction\",\"target\":{\"@type\":\"EntryPoint\",\"urlTemplate\":\"https:\/\/milevafilms.com\/es\/?s={search_term_string}\"},\"query-input\":{\"@type\":\"PropertyValueSpecification\",\"valueRequired\":true,\"valueName\":\"search_term_string\"}}],\"inLanguage\":\"es\"},{\"@type\":\"Organization\",\"@id\":\"https:\/\/milevafilms.com\/es\/#organization\",\"name\":\"Mileva Films\",\"url\":\"https:\/\/milevafilms.com\/es\/\",\"logo\":{\"@type\":\"ImageObject\",\"inLanguage\":\"es\",\"@id\":\"https:\/\/milevafilms.com\/es\/#\/schema\/logo\/image\/\",\"url\":\"https:\/\/milevafilms.com\/wp-content\/uploads\/2024\/12\/logo.png\",\"contentUrl\":\"https:\/\/milevafilms.com\/wp-content\/uploads\/2024\/12\/logo.png\",\"width\":640,\"height\":170,\"caption\":\"Mileva Films\"},\"image\":{\"@id\":\"https:\/\/milevafilms.com\/es\/#\/schema\/logo\/image\/\"}}]}<\/script>\n<!-- \/ Yoast SEO plugin. -->","yoast_head_json":{"title":"Declaraci\u00f3n de accesibilidad - Mileva Films","robots":{"index":"index","follow":"follow","max-snippet":"max-snippet:-1","max-image-preview":"max-image-preview:large","max-video-preview":"max-video-preview:-1"},"canonical":"https:\/\/milevafilms.com\/es\/declaracion-de-accesibilidad\/","og_locale":"es_ES","og_type":"article","og_title":"Declaraci\u00f3n de accesibilidad - Mileva Films","og_description":"Declaraci\u00f3n de Accesibilidad Milevafilms se ha comprometido a hacer accesible su sitio web de conformidad con el Real Decreto 1112\/2018, de 7 de septiembre, sobre accesibilidad de los sitios web y aplicaciones para dispositivos m\u00f3viles del sector p\u00fablico (en adelante, RD 1112\/2018, de 7 de septiembre). La presente declaraci\u00f3n de accesibilidad se aplica al sitio [&hellip;]","og_url":"https:\/\/milevafilms.com\/es\/declaracion-de-accesibilidad\/","og_site_name":"Mileva Films","article_modified_time":"2025-03-13T17:38:38+00:00","twitter_card":"summary_large_image","twitter_misc":{"Tiempo de lectura":"3 minutos"},"schema":{"@context":"https:\/\/schema.org","@graph":[{"@type":"WebPage","@id":"https:\/\/milevafilms.com\/es\/declaracion-de-accesibilidad\/","url":"https:\/\/milevafilms.com\/es\/declaracion-de-accesibilidad\/","name":"Declaraci\u00f3n de accesibilidad - Mileva Films","isPartOf":{"@id":"https:\/\/milevafilms.com\/es\/#website"},"datePublished":"2024-12-19T11:09:09+00:00","dateModified":"2025-03-13T17:38:38+00:00","breadcrumb":{"@id":"https:\/\/milevafilms.com\/es\/declaracion-de-accesibilidad\/#breadcrumb"},"inLanguage":"es","potentialAction":[{"@type":"ReadAction","target":["https:\/\/milevafilms.com\/es\/declaracion-de-accesibilidad\/"]}]},{"@type":"BreadcrumbList","@id":"https:\/\/milevafilms.com\/es\/declaracion-de-accesibilidad\/#breadcrumb","itemListElement":[{"@type":"ListItem","position":1,"name":"Home","item":"https:\/\/milevafilms.com\/es\/home\/"},{"@type":"ListItem","position":2,"name":"Declaraci\u00f3n de accesibilidad"}]},{"@type":"WebSite","@id":"https:\/\/milevafilms.com\/es\/#website","url":"https:\/\/milevafilms.com\/es\/","name":"Mileva Films","description":" ","publisher":{"@id":"https:\/\/milevafilms.com\/es\/#organization"},"potentialAction":[{"@type":"SearchAction","target":{"@type":"EntryPoint","urlTemplate":"https:\/\/milevafilms.com\/es\/?s={search_term_string}"},"query-input":{"@type":"PropertyValueSpecification","valueRequired":true,"valueName":"search_term_string"}}],"inLanguage":"es"},{"@type":"Organization","@id":"https:\/\/milevafilms.com\/es\/#organization","name":"Mileva Films","url":"https:\/\/milevafilms.com\/es\/","logo":{"@type":"ImageObject","inLanguage":"es","@id":"https:\/\/milevafilms.com\/es\/#\/schema\/logo\/image\/","url":"https:\/\/milevafilms.com\/wp-content\/uploads\/2024\/12\/logo.png","contentUrl":"https:\/\/milevafilms.com\/wp-content\/uploads\/2024\/12\/logo.png","width":640,"height":170,"caption":"Mileva Films"},"image":{"@id":"https:\/\/milevafilms.com\/es\/#\/schema\/logo\/image\/"}}]}},"_links":{"self":[{"href":"https:\/\/milevafilms.com\/es\/wp-json\/wp\/v2\/pages\/1014","targetHints":{"allow":["GET"]}}],"collection":[{"href":"https:\/\/milevafilms.com\/es\/wp-json\/wp\/v2\/pages"}],"about":[{"href":"https:\/\/milevafilms.com\/es\/wp-json\/wp\/v2\/types\/page"}],"author":[{"embeddable":true,"href":"https:\/\/milevafilms.com\/es\/wp-json\/wp\/v2\/users\/1"}],"replies":[{"embeddable":true,"href":"https:\/\/milevafilms.com\/es\/wp-json\/wp\/v2\/comments?post=1014"}],"version-history":[{"count":1,"href":"https:\/\/milevafilms.com\/es\/wp-json\/wp\/v2\/pages\/1014\/revisions"}],"predecessor-version":[{"id":1015,"href":"https:\/\/milevafilms.com\/es\/wp-json\/wp\/v2\/pages\/1014\/revisions\/1015"}],"wp:attachment":[{"href":"https:\/\/milevafilms.com\/es\/wp-json\/wp\/v2\/media?parent=1014"}],"curies":[{"name":"wp","href":"https:\/\/api.w.org\/{rel}","templated":true}]}}