{"id":1022,"date":"2024-12-10T18:34:50","date_gmt":"2024-12-10T18:34:50","guid":{"rendered":"https:\/\/milevafilms.com\/politica-de-privacidad\/"},"modified":"2025-03-17T09:55:17","modified_gmt":"2025-03-17T09:55:17","slug":"politica-de-privacidad","status":"publish","type":"page","link":"https:\/\/milevafilms.com\/es\/politica-de-privacidad\/","title":{"rendered":"Pol\u00edtica de privacidad"},"content":{"rendered":"\t\t<div data-elementor-type=\"wp-page\" data-elementor-id=\"1022\" class=\"elementor elementor-1022 elementor-3\" data-elementor-post-type=\"page\">\n\t\t\t\t<div class=\"elementor-element elementor-element-b01396c e-flex e-con-boxed e-con e-parent\" data-id=\"b01396c\" data-element_type=\"container\" data-settings=\"{&quot;background_background&quot;:&quot;classic&quot;}\">\n\t\t\t\t\t<div class=\"e-con-inner\">\n\t\t<div class=\"elementor-element elementor-element-f263289 e-con-full e-flex e-con e-child\" data-id=\"f263289\" data-element_type=\"container\">\n\t\t<div class=\"elementor-element elementor-element-8df6ed9 e-con-full e-flex e-con e-child\" data-id=\"8df6ed9\" data-element_type=\"container\">\n\t\t\t\t<div class=\"elementor-element elementor-element-4d0fb06 elementor-widget elementor-widget-text-editor\" data-id=\"4d0fb06\" data-element_type=\"widget\" data-widget_type=\"text-editor.default\">\n\t\t\t\t<div class=\"elementor-widget-container\">\n\t\t\t\t\t\t\t\t\t<p><strong>Pol\u00edtica de privacidad<\/strong><\/p>\n\t\t\t\t\t\t\t\t<\/div>\n\t\t\t\t<\/div>\n\t\t\t\t<div class=\"elementor-element elementor-element-919056a elementor-widget-divider--view-line elementor-widget elementor-widget-divider\" data-id=\"919056a\" data-element_type=\"widget\" data-widget_type=\"divider.default\">\n\t\t\t\t<div class=\"elementor-widget-container\">\n\t\t\t\t\t\t\t<div class=\"elementor-divider\">\n\t\t\t<span class=\"elementor-divider-separator\">\n\t\t\t\t\t\t<\/span>\n\t\t<\/div>\n\t\t\t\t\t\t<\/div>\n\t\t\t\t<\/div>\n\t\t\t\t<div class=\"elementor-element elementor-element-b66b88d elementor-widget elementor-widget-text-editor\" data-id=\"b66b88d\" data-element_type=\"widget\" data-widget_type=\"text-editor.default\">\n\t\t\t\t<div class=\"elementor-widget-container\">\n\t\t\t\t\t\t\t\t\t<h3>RESPONSABLE DEL TRATAMIENTO<\/h3><p>La empresa responsable del tratamiento de sus datos en virtud de esta pol\u00edtica de privacidad es:<br \/>Laura Carrau Pascual<br \/>NIF: 46743349N<br \/>Domicilio: c\/Carlet, 5 08471 Vallgorguina (Barcelona) Espa\u00f1a<br \/>e-mail: hola@milevafilms.com<br \/>Web: milevafilms.com<br \/>Tel\u00e9fono: +34 676 20 00 63<br \/><br \/><\/p><h3>DATOS PERSONALES<\/h3><p>Un dato personal es la informaci\u00f3n que le identifica o le hace identificable. A trav\u00e9s de la web, en las casillas establecidas a tal fin recogemos los datos personales que el usuario nos comunica: nombre, apellidos, direcci\u00f3n de correo electr\u00f3nico, tel\u00e9fono, direcci\u00f3n postal, poblaci\u00f3n, etc.<\/p><p>La visita del usuario a la web no implica que deba facilitar ninguna informaci\u00f3n sobre sus datos personales. No obstante, en caso de que los facilite, los datos se tratar\u00e1n de forma l\u00edcita con sujeci\u00f3n, en todo momento, a los principios y derechos recogidos en el RGPD 2016\/679, de 27 de abril de 2016, y en la LOPDGDD 3\/2018, de 5 de diciembre.<\/p><h3>FINALIDAD, DURACI\u00d3N Y LEGITIMACI\u00d3N DEL TRATAMIENTO<\/h3><p>Trataremos con las siguientes finalidades los datos que el usuario nos proporcione:<\/p><p>\u00b7 Atender la solicitud o petici\u00f3n efectuada por el usuario a trav\u00e9s del formulario de contacto situado en la web. Recogemos y tratamos los datos personales del usuario para poder tramitar y gestionar su solicitud, una consulta o cualquier petici\u00f3n que realice por medio de dicho formulario.<\/p><p>Estos datos los conservaremos durante el tiempo necesario para dar cumplimiento a su petici\u00f3n y durante el per\u00edodo establecido por la ley, con una duraci\u00f3n m\u00ednima de 3 a\u00f1os.<\/p><p>La base de legitimaci\u00f3n del tratamiento de los datos es el consentimiento que el usuario otorga al seleccionar la casilla de aceptaci\u00f3n de nuestra pol\u00edtica de privacidad antes de enviar su petici\u00f3n. El usuario tiene derecho a revocar su consentimiento en cualquier momento, sin que ello afecte a la licitud del tratamiento basado en el consentimiento previo a su retirada.<\/p><p>\u00b7 Gestionar el curr\u00edculum enviado por el interesado a trav\u00e9s del formulario habilitado a tal fin e incluirlo en la base de datos de candidatos de la empresa. Estos datos se conservar\u00e1n durante el plazo m\u00e1ximo de un a\u00f1o, transcurrido el cual se proceder\u00e1 a bloquearlos durante el tiempo establecido legalmente, garantizando al usuario un respeto total de la confidencialidad tanto en el tratamiento de los datos como en su posterior destrucci\u00f3n.<\/p><p>La base leg\u00edtima para gestionar y tratar el curr\u00edculo del interesado es su consentimiento, que manifiesta al efectuar una acci\u00f3n afirmativa de env\u00edo del curr\u00edculo y al seleccionar, previamente al env\u00edo, la casilla de aceptaci\u00f3n de nuestra pol\u00edtica de privacidad. El usuario tiene derecho a revocar su consentimiento en cualquier momento sin que ello afecte a la licitud del tratamiento basado en el consentimiento previo a su retirada.<\/p><p>\u00b7 Mejorar su experiencia al navegar por la web. Conservaremos estos datos mientras el usuario no revoque su consentimiento al tratamiento de los datos mediante la eliminaci\u00f3n de las cookies y durante el tiempo establecido por la ley, con una duraci\u00f3n m\u00ednima de 3 a\u00f1os.<\/p><p>La base leg\u00edtima para mejorar su experiencia al navegar por la web es el consentimiento que el usuario otorga al aceptar las cookies. El usuario tiene derecho a revocar su consentimiento en cualquier momento, sin que ello afecte a la licitud del tratamiento basado en el consentimiento previo a su retirada.<\/p><h3>CESI\u00d3N O COMUNICACI\u00d3N DE DATOS PERSONALES Y TRANSFERENCIAS INTERNACIONALES<\/h3><p>Sus datos no se comunicar\u00e1n ni se ceder\u00e1n a terceros, salvo que exista una obligaci\u00f3n legal y exceptuando los prestamistas vinculados al Responsable que act\u00faen como encargados del tratamiento.<\/p><p>No se realizan transferencias internacionales; para el caso de que en alg\u00fan momento se pudieran hacer, se le comunicar\u00e1 a fin de obtener su consentimiento.<\/p><h3>ACTUALIZACI\u00d3N DE DATOS<\/h3><p>Para que podamos mantener los datos personales actualizados, es importante que el usuario nos informe siempre que se haya producido alguna modificaci\u00f3n; de lo contrario, no respondemos de su veracidad.<\/p><p>El usuario garantiza que los datos personales facilitados son veraces y que toda la informaci\u00f3n facilitada se corresponde con la situaci\u00f3n real, puesta al d\u00eda y exacta, quedando obligado a comunicar cualquier modificaci\u00f3n.<\/p><h3>DATOS DE TERCEROS<\/h3><p>Si el usuario facilita datos de terceras personas a XXXXXXXXXXXXXX, SL para cualquier finalidad, garantiza que ha obtenido estos datos de forma l\u00edcita, que ha informado previamente a los afectados, obteniendo su consentimiento para comunicarlos, y que la informaci\u00f3n facilitada es exacta y veraz.<\/p><h3>CAR\u00c1CTER OBLIGATORIO DE LA INFORMACI\u00d3N SOLICITADA<\/h3><p>Todos nuestros formularios incorporan un asterisco (*) en los datos obligatorios. Si el usuario no facilita estos campos o no marca la casilla de aceptaci\u00f3n de la pol\u00edtica de privacidad, no se permitir\u00e1 el env\u00edo de la informaci\u00f3n.<\/p><h3>DERECHOS DE LOS INTERESADOS<\/h3><p>Tiene derecho a acceder a sus datos ya obtener la confirmaci\u00f3n de su tratamiento, as\u00ed como una copia de los datos personales objeto de tratamiento. Tiene derecho a actualizarlos ya solicitar la rectificaci\u00f3n de los datos que sean inexactos o bien la supresi\u00f3n cuando los datos no sean necesarios para los fines para los que se recogieron. Puede solicitar la limitaci\u00f3n del tratamiento de sus datos y oponerse a su tratamiento revocando su consentimiento, as\u00ed como ejercer el derecho a la portabilidad de los datos. De la misma forma, tiene derecho a no ser objeto de decisiones basadas \u00fanicamente en el tratamiento automatizado de sus datos personales. Puede ejercer sus derechos contactando con nosotros en el correo hola@milevafilms.com Si considera que sus derechos no se han atendido debidamente, tiene derecho a presentar una reclamaci\u00f3n ante la Agencia Espa\u00f1ola de Protecci\u00f3n de Datos (www.aepd.es).<\/p><h3>TRATAMIENTO DE DATOS DE MENORES DE EDAD<\/h3><p>Quien facilita los datos por medio de los formularios de esta web y acepta su tratamiento declara ser mayor de 14 a\u00f1os, quedando prohibido el acceso y uso del portal a las personas menores de esta edad. Si en alg\u00fan momento el Responsable detecta que un menor de 14 a\u00f1os ha proporcionado datos de car\u00e1cter personal, procederemos a su cancelaci\u00f3n. Asimismo, los padres o tutores pueden, en cualquier caso, dirigirse a hola@milevafilms.com para bloquear la cuenta de acceso de los menores a su cargo que se hayan registrado falseando su identidad.<\/p><h3>TRATAMIENTO DE COOKIES<\/h3><p>Una cookie es un peque\u00f1o archivo que se descarga y almacena en el ordenador del usuario cuando \u00e9ste accede a una p\u00e1gina web. Las cookies permiten en la web, entre otras cosas, almacenar y recuperar informaci\u00f3n sobre los h\u00e1bitos de navegaci\u00f3n del usuario o de su equipo y, dependiendo de la informaci\u00f3n que contengan y de la forma en que el usuario utilice su equipo, se pueden utilizar para reconocer al usuario.<\/p><p>El usuario tiene la opci\u00f3n de impedir la generaci\u00f3n de cookies mediante la selecci\u00f3n de la correspondiente opci\u00f3n en su programa de navegador. Puede obtener m\u00e1s informaci\u00f3n leyendo nuestra pol\u00edtica de cookies.<\/p>\t\t\t\t\t\t\t\t<\/div>\n\t\t\t\t<\/div>\n\t\t\t\t<\/div>\n\t\t\t\t<\/div>\n\t\t\t\t\t<\/div>\n\t\t\t\t<\/div>\n\t\t\t\t<\/div>\n\t\t","protected":false},"excerpt":{"rendered":"<p>Pol\u00edtica de privacidad RESPONSABLE DEL TRATAMIENTO La empresa responsable del tratamiento de sus datos en virtud de esta pol\u00edtica de privacidad es:Laura Carrau PascualNIF: 46743349NDomicilio: c\/Carlet, 5 08471 Vallgorguina (Barcelona) Espa\u00f1ae-mail: hola@milevafilms.comWeb: milevafilms.comTel\u00e9fono: +34 676 20 00 63 DATOS PERSONALES Un dato personal es la informaci\u00f3n que le identifica o le hace identificable. A trav\u00e9s [&hellip;]<\/p>\n","protected":false},"author":1,"featured_media":0,"parent":0,"menu_order":100,"comment_status":"closed","ping_status":"closed","template":"","meta":{"_acf_changed":false,"footnotes":""},"class_list":["post-1022","page","type-page","status-publish","hentry"],"acf":[],"yoast_head":"<!-- This site is optimized with the Yoast SEO plugin v24.9 - https:\/\/yoast.com\/wordpress\/plugins\/seo\/ -->\n<title>Pol\u00edtica de privacidad - Mileva Films<\/title>\n<meta name=\"robots\" content=\"index, follow, max-snippet:-1, max-image-preview:large, max-video-preview:-1\" \/>\n<link rel=\"canonical\" href=\"https:\/\/milevafilms.com\/es\/politica-de-privacidad\/\" \/>\n<meta property=\"og:locale\" content=\"es_ES\" \/>\n<meta property=\"og:type\" content=\"article\" \/>\n<meta property=\"og:title\" content=\"Pol\u00edtica de privacidad - Mileva Films\" \/>\n<meta property=\"og:description\" content=\"Pol\u00edtica de privacidad RESPONSABLE DEL TRATAMIENTO La empresa responsable del tratamiento de sus datos en virtud de esta pol\u00edtica de privacidad es:Laura Carrau PascualNIF: 46743349NDomicilio: c\/Carlet, 5 08471 Vallgorguina (Barcelona) Espa\u00f1ae-mail: hola@milevafilms.comWeb: milevafilms.comTel\u00e9fono: +34 676 20 00 63 DATOS PERSONALES Un dato personal es la informaci\u00f3n que le identifica o le hace identificable. A trav\u00e9s [&hellip;]\" \/>\n<meta property=\"og:url\" content=\"https:\/\/milevafilms.com\/es\/politica-de-privacidad\/\" \/>\n<meta property=\"og:site_name\" content=\"Mileva Films\" \/>\n<meta property=\"article:modified_time\" content=\"2025-03-17T09:55:17+00:00\" \/>\n<meta name=\"twitter:card\" content=\"summary_large_image\" \/>\n<meta name=\"twitter:label1\" content=\"Tiempo de lectura\" \/>\n\t<meta name=\"twitter:data1\" content=\"6 minutos\" \/>\n<script type=\"application\/ld+json\" class=\"yoast-schema-graph\">{\"@context\":\"https:\/\/schema.org\",\"@graph\":[{\"@type\":\"WebPage\",\"@id\":\"https:\/\/milevafilms.com\/es\/politica-de-privacidad\/\",\"url\":\"https:\/\/milevafilms.com\/es\/politica-de-privacidad\/\",\"name\":\"Pol\u00edtica de privacidad - Mileva Films\",\"isPartOf\":{\"@id\":\"https:\/\/milevafilms.com\/es\/#website\"},\"datePublished\":\"2024-12-10T18:34:50+00:00\",\"dateModified\":\"2025-03-17T09:55:17+00:00\",\"breadcrumb\":{\"@id\":\"https:\/\/milevafilms.com\/es\/politica-de-privacidad\/#breadcrumb\"},\"inLanguage\":\"es\",\"potentialAction\":[{\"@type\":\"ReadAction\",\"target\":[\"https:\/\/milevafilms.com\/es\/politica-de-privacidad\/\"]}]},{\"@type\":\"BreadcrumbList\",\"@id\":\"https:\/\/milevafilms.com\/es\/politica-de-privacidad\/#breadcrumb\",\"itemListElement\":[{\"@type\":\"ListItem\",\"position\":1,\"name\":\"Home\",\"item\":\"https:\/\/milevafilms.com\/es\/home\/\"},{\"@type\":\"ListItem\",\"position\":2,\"name\":\"Pol\u00edtica de privacidad\"}]},{\"@type\":\"WebSite\",\"@id\":\"https:\/\/milevafilms.com\/es\/#website\",\"url\":\"https:\/\/milevafilms.com\/es\/\",\"name\":\"Mileva Films\",\"description\":\" \",\"publisher\":{\"@id\":\"https:\/\/milevafilms.com\/es\/#organization\"},\"potentialAction\":[{\"@type\":\"SearchAction\",\"target\":{\"@type\":\"EntryPoint\",\"urlTemplate\":\"https:\/\/milevafilms.com\/es\/?s={search_term_string}\"},\"query-input\":{\"@type\":\"PropertyValueSpecification\",\"valueRequired\":true,\"valueName\":\"search_term_string\"}}],\"inLanguage\":\"es\"},{\"@type\":\"Organization\",\"@id\":\"https:\/\/milevafilms.com\/es\/#organization\",\"name\":\"Mileva Films\",\"url\":\"https:\/\/milevafilms.com\/es\/\",\"logo\":{\"@type\":\"ImageObject\",\"inLanguage\":\"es\",\"@id\":\"https:\/\/milevafilms.com\/es\/#\/schema\/logo\/image\/\",\"url\":\"https:\/\/milevafilms.com\/wp-content\/uploads\/2024\/12\/logo.png\",\"contentUrl\":\"https:\/\/milevafilms.com\/wp-content\/uploads\/2024\/12\/logo.png\",\"width\":640,\"height\":170,\"caption\":\"Mileva Films\"},\"image\":{\"@id\":\"https:\/\/milevafilms.com\/es\/#\/schema\/logo\/image\/\"}}]}<\/script>\n<!-- \/ Yoast SEO plugin. -->","yoast_head_json":{"title":"Pol\u00edtica de privacidad - Mileva Films","robots":{"index":"index","follow":"follow","max-snippet":"max-snippet:-1","max-image-preview":"max-image-preview:large","max-video-preview":"max-video-preview:-1"},"canonical":"https:\/\/milevafilms.com\/es\/politica-de-privacidad\/","og_locale":"es_ES","og_type":"article","og_title":"Pol\u00edtica de privacidad - Mileva Films","og_description":"Pol\u00edtica de privacidad RESPONSABLE DEL TRATAMIENTO La empresa responsable del tratamiento de sus datos en virtud de esta pol\u00edtica de privacidad es:Laura Carrau PascualNIF: 46743349NDomicilio: c\/Carlet, 5 08471 Vallgorguina (Barcelona) Espa\u00f1ae-mail: hola@milevafilms.comWeb: milevafilms.comTel\u00e9fono: +34 676 20 00 63 DATOS PERSONALES Un dato personal es la informaci\u00f3n que le identifica o le hace identificable. A trav\u00e9s [&hellip;]","og_url":"https:\/\/milevafilms.com\/es\/politica-de-privacidad\/","og_site_name":"Mileva Films","article_modified_time":"2025-03-17T09:55:17+00:00","twitter_card":"summary_large_image","twitter_misc":{"Tiempo de lectura":"6 minutos"},"schema":{"@context":"https:\/\/schema.org","@graph":[{"@type":"WebPage","@id":"https:\/\/milevafilms.com\/es\/politica-de-privacidad\/","url":"https:\/\/milevafilms.com\/es\/politica-de-privacidad\/","name":"Pol\u00edtica de privacidad - Mileva Films","isPartOf":{"@id":"https:\/\/milevafilms.com\/es\/#website"},"datePublished":"2024-12-10T18:34:50+00:00","dateModified":"2025-03-17T09:55:17+00:00","breadcrumb":{"@id":"https:\/\/milevafilms.com\/es\/politica-de-privacidad\/#breadcrumb"},"inLanguage":"es","potentialAction":[{"@type":"ReadAction","target":["https:\/\/milevafilms.com\/es\/politica-de-privacidad\/"]}]},{"@type":"BreadcrumbList","@id":"https:\/\/milevafilms.com\/es\/politica-de-privacidad\/#breadcrumb","itemListElement":[{"@type":"ListItem","position":1,"name":"Home","item":"https:\/\/milevafilms.com\/es\/home\/"},{"@type":"ListItem","position":2,"name":"Pol\u00edtica de privacidad"}]},{"@type":"WebSite","@id":"https:\/\/milevafilms.com\/es\/#website","url":"https:\/\/milevafilms.com\/es\/","name":"Mileva Films","description":" ","publisher":{"@id":"https:\/\/milevafilms.com\/es\/#organization"},"potentialAction":[{"@type":"SearchAction","target":{"@type":"EntryPoint","urlTemplate":"https:\/\/milevafilms.com\/es\/?s={search_term_string}"},"query-input":{"@type":"PropertyValueSpecification","valueRequired":true,"valueName":"search_term_string"}}],"inLanguage":"es"},{"@type":"Organization","@id":"https:\/\/milevafilms.com\/es\/#organization","name":"Mileva Films","url":"https:\/\/milevafilms.com\/es\/","logo":{"@type":"ImageObject","inLanguage":"es","@id":"https:\/\/milevafilms.com\/es\/#\/schema\/logo\/image\/","url":"https:\/\/milevafilms.com\/wp-content\/uploads\/2024\/12\/logo.png","contentUrl":"https:\/\/milevafilms.com\/wp-content\/uploads\/2024\/12\/logo.png","width":640,"height":170,"caption":"Mileva Films"},"image":{"@id":"https:\/\/milevafilms.com\/es\/#\/schema\/logo\/image\/"}}]}},"_links":{"self":[{"href":"https:\/\/milevafilms.com\/es\/wp-json\/wp\/v2\/pages\/1022","targetHints":{"allow":["GET"]}}],"collection":[{"href":"https:\/\/milevafilms.com\/es\/wp-json\/wp\/v2\/pages"}],"about":[{"href":"https:\/\/milevafilms.com\/es\/wp-json\/wp\/v2\/types\/page"}],"author":[{"embeddable":true,"href":"https:\/\/milevafilms.com\/es\/wp-json\/wp\/v2\/users\/1"}],"replies":[{"embeddable":true,"href":"https:\/\/milevafilms.com\/es\/wp-json\/wp\/v2\/comments?post=1022"}],"version-history":[{"count":4,"href":"https:\/\/milevafilms.com\/es\/wp-json\/wp\/v2\/pages\/1022\/revisions"}],"predecessor-version":[{"id":1068,"href":"https:\/\/milevafilms.com\/es\/wp-json\/wp\/v2\/pages\/1022\/revisions\/1068"}],"wp:attachment":[{"href":"https:\/\/milevafilms.com\/es\/wp-json\/wp\/v2\/media?parent=1022"}],"curies":[{"name":"wp","href":"https:\/\/api.w.org\/{rel}","templated":true}]}}