{"id":933,"date":"2025-02-03T09:53:27","date_gmt":"2025-02-03T08:53:27","guid":{"rendered":"https:\/\/milevafilms.com\/politica-de-cookies\/"},"modified":"2025-03-17T12:13:53","modified_gmt":"2025-03-17T11:13:53","slug":"politica-de-cookies","status":"publish","type":"page","link":"https:\/\/milevafilms.com\/es\/politica-de-cookies\/","title":{"rendered":"Pol\u00edtica de cookies"},"content":{"rendered":"\t\t<div data-elementor-type=\"wp-page\" data-elementor-id=\"933\" class=\"elementor elementor-933 elementor-586\" data-elementor-post-type=\"page\">\n\t\t\t\t<div class=\"elementor-element elementor-element-cde1c8a e-flex e-con-boxed e-con e-parent\" data-id=\"cde1c8a\" data-element_type=\"container\" data-settings=\"{&quot;background_background&quot;:&quot;classic&quot;}\">\n\t\t\t\t\t<div class=\"e-con-inner\">\n\t\t<div class=\"elementor-element elementor-element-bf51c96 e-con-full e-flex e-con e-child\" data-id=\"bf51c96\" data-element_type=\"container\">\n\t\t<div class=\"elementor-element elementor-element-90beefc e-con-full e-flex e-con e-child\" data-id=\"90beefc\" data-element_type=\"container\">\n\t\t\t\t<div class=\"elementor-element elementor-element-8e942f4 elementor-widget elementor-widget-text-editor\" data-id=\"8e942f4\" data-element_type=\"widget\" data-widget_type=\"text-editor.default\">\n\t\t\t\t<div class=\"elementor-widget-container\">\n\t\t\t\t\t\t\t\t\t<p><strong>Pol\u00edtica de cookies<\/strong><\/p>\t\t\t\t\t\t\t\t<\/div>\n\t\t\t\t<\/div>\n\t\t\t\t<div class=\"elementor-element elementor-element-900cef1 elementor-widget-divider--view-line elementor-widget elementor-widget-divider\" data-id=\"900cef1\" data-element_type=\"widget\" data-widget_type=\"divider.default\">\n\t\t\t\t<div class=\"elementor-widget-container\">\n\t\t\t\t\t\t\t<div class=\"elementor-divider\">\n\t\t\t<span class=\"elementor-divider-separator\">\n\t\t\t\t\t\t<\/span>\n\t\t<\/div>\n\t\t\t\t\t\t<\/div>\n\t\t\t\t<\/div>\n\t\t\t\t<div class=\"elementor-element elementor-element-e526a1f elementor-widget elementor-widget-text-editor\" data-id=\"e526a1f\" data-element_type=\"widget\" data-widget_type=\"text-editor.default\">\n\t\t\t\t<div class=\"elementor-widget-container\">\n\t\t\t\t\t\t\t\t\tUna Cookie es un peque\u00f1o archivo que se almacena en el ordenador del usuario y nos permite reconocerlo.\n\nEl conjunto de cookies nos ayuda a mejorar la calidad de nuestra web, permiti\u00e9ndonos controlar qu\u00e9 p\u00e1ginas son \u00fatiles para nuestros usuarios y cu\u00e1les no.\n\nLas cookies son esenciales para el funcionamiento de internet, aportando innumerables ventajas en la prestaci\u00f3n de servicios interactivos, facilit\u00e1ndole la navegaci\u00f3n y la operatividad de nuestro sitio web. Tenga en cuenta que las cookies no pueden estropear su equipo y que, a cambio, el hecho de que est\u00e9n activadas nos ayuda a identificar y resolver los errores.\n\nLa informaci\u00f3n que le proporcionamos a continuaci\u00f3n, le ayudar\u00e1 a comprender los diferentes tipos de cookies:\n<h3>COOKIES DE SESI\u00d3N<\/h3>\nSon cookies temporales que permanecen en el archivo de cookies de su navegador hasta el momento en que abandona el sitio web, por lo que ninguna de ellas queda registrada en el disco duro del usuario. La informaci\u00f3n obtenida por medio de estas cookies, sirven para analizar pautas de tr\u00e1fico en la web. A la larga, este hecho nos permite proporcionar una mejor experiencia para mejorar su contenido y facilitando su uso.\n<h3>COOKIES PERMANENTES<\/h3>\nSon almacenadas en el disco duro y nuestra web las lee cada vez que usted vuelve a visitarlo.\n\nEstas cookies cuentan con una fecha de expiraci\u00f3n determinada despu\u00e9s de la cual dejar\u00e1 de funcionar.\n\nA continuaci\u00f3n publicamos una relaci\u00f3n de las principales cookies utilizadas en nuestra Web, distinguiendo:\nLas cookies estrictamente necesarias, como por ejemplo, aqu\u00e9llas que sirven para una correcta navegaci\u00f3n o las que permiten realizar servicios solicitados por el usuario o cookies que sirven para garantizar que el contenido del sitio web se carga eficazmente.\n\nLas cookies de terceros, como por ejemplo, las utilizadas por redes sociales, o por complementos externos de contenido.\n\nLas cookies anal\u00edticas, compilan datos estad\u00edsticos de la actividad con prop\u00f3sitos de mantenimiento peri\u00f3dico y con el objetivo de garantizar el mejor servicio posible al usuario.\n<h3>RELACI\u00d3N Y DESCRIPCI\u00d3N DE LAS COOKIES QUE UTILIZAMOS EN EL SITIO WEB<\/h3>\nA continuaci\u00f3n publicamos, de forma esquematizada, las cookies que utilizamos en nuestro sitio web:\n\n<div class=\"cky-audit-table-element\"><\/div>\n\n<h3>GARANT\u00cdAS COMPLEMENTARIAS &#8211; GESTI\u00d3N DE COOKIES<\/h3>\nComo garant\u00eda complementaria a las anteriormente descritas, el registro de las cookies podr\u00e1 estar sujeto a su aceptaci\u00f3n durante la instalaci\u00f3n o puesta al d\u00eda del navegador empleado. Esta aceptaci\u00f3n puede ser revocada en todo momento mediante las opciones de configuraci\u00f3n de contenidos y privacidad disponibles.\n\nMuchos navegadores permiten activar un modo privado mediante el cual las cookies se borran siempre despu\u00e9s de su visita. Dependiendo de cada navegador, este modo privado puede tener distintos nombres. A continuaci\u00f3n encontrar\u00e1 una lista de los navegadores m\u00e1s comunes y los diferentes nombres que recibe este \u201cmodo privado\u201d:\n\nInternet Explorer 8 y superior; InPrivate Safari 2 y superior; Navegaci\u00f3n Privada Opera 10.5 y superior; Navegaci\u00f3n Privada Firefox 3.5 y superior; Navegaci\u00f3n Privada Google Chrome 10 y superior; Inc\u00f3gnito\nImportante: Por favor, lea atentamente la secci\u00f3n de ayuda de su navegador para conocer m\u00e1s sobre c\u00f3mo activar el \u201cmodo privado\u201d. Podr\u00e1 seguir visitando nuestra p\u00e1gina web aunque tenga activado este \u201cmodo privado\u201d, si bien la navegaci\u00f3n por la p\u00e1gina web puede no ser \u00f3ptima y algunas utilidades pueden no funcionar correctamente.\t\t\t\t\t\t\t\t<\/div>\n\t\t\t\t<\/div>\n\t\t\t\t<\/div>\n\t\t\t\t<\/div>\n\t\t\t\t\t<\/div>\n\t\t\t\t<\/div>\n\t\t\t\t<\/div>\n\t\t","protected":false},"excerpt":{"rendered":"<p>Pol\u00edtica de cookies Una Cookie es un peque\u00f1o archivo que se almacena en el ordenador del usuario y nos permite reconocerlo. El conjunto de cookies nos ayuda a mejorar la calidad de nuestra web, permiti\u00e9ndonos controlar qu\u00e9 p\u00e1ginas son \u00fatiles para nuestros usuarios y cu\u00e1les no. Las cookies son esenciales para el funcionamiento de internet, [&hellip;]<\/p>\n","protected":false},"author":1,"featured_media":0,"parent":0,"menu_order":100,"comment_status":"closed","ping_status":"closed","template":"","meta":{"_acf_changed":false,"footnotes":""},"class_list":["post-933","page","type-page","status-publish","hentry"],"acf":[],"yoast_head":"<!-- This site is optimized with the Yoast SEO plugin v24.9 - https:\/\/yoast.com\/wordpress\/plugins\/seo\/ -->\n<title>Pol\u00edtica de cookies - Mileva Films<\/title>\n<meta name=\"robots\" content=\"index, follow, max-snippet:-1, max-image-preview:large, max-video-preview:-1\" \/>\n<link rel=\"canonical\" href=\"https:\/\/milevafilms.com\/es\/politica-de-cookies\/\" \/>\n<meta property=\"og:locale\" content=\"es_ES\" \/>\n<meta property=\"og:type\" content=\"article\" \/>\n<meta property=\"og:title\" content=\"Pol\u00edtica de cookies - Mileva Films\" \/>\n<meta property=\"og:description\" content=\"Pol\u00edtica de cookies Una Cookie es un peque\u00f1o archivo que se almacena en el ordenador del usuario y nos permite reconocerlo. El conjunto de cookies nos ayuda a mejorar la calidad de nuestra web, permiti\u00e9ndonos controlar qu\u00e9 p\u00e1ginas son \u00fatiles para nuestros usuarios y cu\u00e1les no. Las cookies son esenciales para el funcionamiento de internet, [&hellip;]\" \/>\n<meta property=\"og:url\" content=\"https:\/\/milevafilms.com\/es\/politica-de-cookies\/\" \/>\n<meta property=\"og:site_name\" content=\"Mileva Films\" \/>\n<meta property=\"article:modified_time\" content=\"2025-03-17T11:13:53+00:00\" \/>\n<meta name=\"twitter:card\" content=\"summary_large_image\" \/>\n<meta name=\"twitter:label1\" content=\"Tiempo de lectura\" \/>\n\t<meta name=\"twitter:data1\" content=\"4 minutos\" \/>\n<script type=\"application\/ld+json\" class=\"yoast-schema-graph\">{\"@context\":\"https:\/\/schema.org\",\"@graph\":[{\"@type\":\"WebPage\",\"@id\":\"https:\/\/milevafilms.com\/es\/politica-de-cookies\/\",\"url\":\"https:\/\/milevafilms.com\/es\/politica-de-cookies\/\",\"name\":\"Pol\u00edtica de cookies - Mileva Films\",\"isPartOf\":{\"@id\":\"https:\/\/milevafilms.com\/es\/#website\"},\"datePublished\":\"2025-02-03T08:53:27+00:00\",\"dateModified\":\"2025-03-17T11:13:53+00:00\",\"breadcrumb\":{\"@id\":\"https:\/\/milevafilms.com\/es\/politica-de-cookies\/#breadcrumb\"},\"inLanguage\":\"es\",\"potentialAction\":[{\"@type\":\"ReadAction\",\"target\":[\"https:\/\/milevafilms.com\/es\/politica-de-cookies\/\"]}]},{\"@type\":\"BreadcrumbList\",\"@id\":\"https:\/\/milevafilms.com\/es\/politica-de-cookies\/#breadcrumb\",\"itemListElement\":[{\"@type\":\"ListItem\",\"position\":1,\"name\":\"Home\",\"item\":\"https:\/\/milevafilms.com\/es\/home\/\"},{\"@type\":\"ListItem\",\"position\":2,\"name\":\"Pol\u00edtica de cookies\"}]},{\"@type\":\"WebSite\",\"@id\":\"https:\/\/milevafilms.com\/es\/#website\",\"url\":\"https:\/\/milevafilms.com\/es\/\",\"name\":\"Mileva Films\",\"description\":\" \",\"publisher\":{\"@id\":\"https:\/\/milevafilms.com\/es\/#organization\"},\"potentialAction\":[{\"@type\":\"SearchAction\",\"target\":{\"@type\":\"EntryPoint\",\"urlTemplate\":\"https:\/\/milevafilms.com\/es\/?s={search_term_string}\"},\"query-input\":{\"@type\":\"PropertyValueSpecification\",\"valueRequired\":true,\"valueName\":\"search_term_string\"}}],\"inLanguage\":\"es\"},{\"@type\":\"Organization\",\"@id\":\"https:\/\/milevafilms.com\/es\/#organization\",\"name\":\"Mileva Films\",\"url\":\"https:\/\/milevafilms.com\/es\/\",\"logo\":{\"@type\":\"ImageObject\",\"inLanguage\":\"es\",\"@id\":\"https:\/\/milevafilms.com\/es\/#\/schema\/logo\/image\/\",\"url\":\"https:\/\/milevafilms.com\/wp-content\/uploads\/2024\/12\/logo.png\",\"contentUrl\":\"https:\/\/milevafilms.com\/wp-content\/uploads\/2024\/12\/logo.png\",\"width\":640,\"height\":170,\"caption\":\"Mileva Films\"},\"image\":{\"@id\":\"https:\/\/milevafilms.com\/es\/#\/schema\/logo\/image\/\"}}]}<\/script>\n<!-- \/ Yoast SEO plugin. -->","yoast_head_json":{"title":"Pol\u00edtica de cookies - Mileva Films","robots":{"index":"index","follow":"follow","max-snippet":"max-snippet:-1","max-image-preview":"max-image-preview:large","max-video-preview":"max-video-preview:-1"},"canonical":"https:\/\/milevafilms.com\/es\/politica-de-cookies\/","og_locale":"es_ES","og_type":"article","og_title":"Pol\u00edtica de cookies - Mileva Films","og_description":"Pol\u00edtica de cookies Una Cookie es un peque\u00f1o archivo que se almacena en el ordenador del usuario y nos permite reconocerlo. El conjunto de cookies nos ayuda a mejorar la calidad de nuestra web, permiti\u00e9ndonos controlar qu\u00e9 p\u00e1ginas son \u00fatiles para nuestros usuarios y cu\u00e1les no. Las cookies son esenciales para el funcionamiento de internet, [&hellip;]","og_url":"https:\/\/milevafilms.com\/es\/politica-de-cookies\/","og_site_name":"Mileva Films","article_modified_time":"2025-03-17T11:13:53+00:00","twitter_card":"summary_large_image","twitter_misc":{"Tiempo de lectura":"4 minutos"},"schema":{"@context":"https:\/\/schema.org","@graph":[{"@type":"WebPage","@id":"https:\/\/milevafilms.com\/es\/politica-de-cookies\/","url":"https:\/\/milevafilms.com\/es\/politica-de-cookies\/","name":"Pol\u00edtica de cookies - Mileva Films","isPartOf":{"@id":"https:\/\/milevafilms.com\/es\/#website"},"datePublished":"2025-02-03T08:53:27+00:00","dateModified":"2025-03-17T11:13:53+00:00","breadcrumb":{"@id":"https:\/\/milevafilms.com\/es\/politica-de-cookies\/#breadcrumb"},"inLanguage":"es","potentialAction":[{"@type":"ReadAction","target":["https:\/\/milevafilms.com\/es\/politica-de-cookies\/"]}]},{"@type":"BreadcrumbList","@id":"https:\/\/milevafilms.com\/es\/politica-de-cookies\/#breadcrumb","itemListElement":[{"@type":"ListItem","position":1,"name":"Home","item":"https:\/\/milevafilms.com\/es\/home\/"},{"@type":"ListItem","position":2,"name":"Pol\u00edtica de cookies"}]},{"@type":"WebSite","@id":"https:\/\/milevafilms.com\/es\/#website","url":"https:\/\/milevafilms.com\/es\/","name":"Mileva Films","description":" ","publisher":{"@id":"https:\/\/milevafilms.com\/es\/#organization"},"potentialAction":[{"@type":"SearchAction","target":{"@type":"EntryPoint","urlTemplate":"https:\/\/milevafilms.com\/es\/?s={search_term_string}"},"query-input":{"@type":"PropertyValueSpecification","valueRequired":true,"valueName":"search_term_string"}}],"inLanguage":"es"},{"@type":"Organization","@id":"https:\/\/milevafilms.com\/es\/#organization","name":"Mileva Films","url":"https:\/\/milevafilms.com\/es\/","logo":{"@type":"ImageObject","inLanguage":"es","@id":"https:\/\/milevafilms.com\/es\/#\/schema\/logo\/image\/","url":"https:\/\/milevafilms.com\/wp-content\/uploads\/2024\/12\/logo.png","contentUrl":"https:\/\/milevafilms.com\/wp-content\/uploads\/2024\/12\/logo.png","width":640,"height":170,"caption":"Mileva Films"},"image":{"@id":"https:\/\/milevafilms.com\/es\/#\/schema\/logo\/image\/"}}]}},"_links":{"self":[{"href":"https:\/\/milevafilms.com\/es\/wp-json\/wp\/v2\/pages\/933","targetHints":{"allow":["GET"]}}],"collection":[{"href":"https:\/\/milevafilms.com\/es\/wp-json\/wp\/v2\/pages"}],"about":[{"href":"https:\/\/milevafilms.com\/es\/wp-json\/wp\/v2\/types\/page"}],"author":[{"embeddable":true,"href":"https:\/\/milevafilms.com\/es\/wp-json\/wp\/v2\/users\/1"}],"replies":[{"embeddable":true,"href":"https:\/\/milevafilms.com\/es\/wp-json\/wp\/v2\/comments?post=933"}],"version-history":[{"count":5,"href":"https:\/\/milevafilms.com\/es\/wp-json\/wp\/v2\/pages\/933\/revisions"}],"predecessor-version":[{"id":1096,"href":"https:\/\/milevafilms.com\/es\/wp-json\/wp\/v2\/pages\/933\/revisions\/1096"}],"wp:attachment":[{"href":"https:\/\/milevafilms.com\/es\/wp-json\/wp\/v2\/media?parent=933"}],"curies":[{"name":"wp","href":"https:\/\/api.w.org\/{rel}","templated":true}]}}